{"id":8157,"date":"2021-03-05T14:14:50","date_gmt":"2021-03-05T13:14:50","guid":{"rendered":"https:\/\/www.terrafibraaward.com\/mentions-legales\/"},"modified":"2021-11-05T10:33:54","modified_gmt":"2021-11-05T09:33:54","slug":"legal-notice","status":"publish","type":"page","link":"https:\/\/www.materiaaward.com\/en\/legal-notice\/","title":{"rendered":"Legal Notice"},"content":{"rendered":"<p>[vc_row][vc_column][vc_column_text]<\/p>\n<h3>EDITEUR DU SITE<\/h3>\n<p>[\/vc_column_text][vc_column_text]Le site # est la propri\u00e9t\u00e9 de la soci\u00e9t\u00e9 Les Grands Ateliers, Soci\u00e9t\u00e9 par actions simplifi\u00e9e au capital de 2\u20ac.<br \/>\nSiret : 831 985 965 00019 \u2013 Immatricul\u00e9e au RCS de Vienne<br \/>\nCode APE : NAF 8559B<br \/>\nDirigeant: am\u00e0co \u2013 atelier mati\u00e8res \u00e0 construire<br \/>\nc\/o Les Grands Ateliers[\/vc_column_text][\/vc_column][\/vc_row][vc_row][vc_column][vc_column_text]<\/p>\n<h3>CONTACT<\/h3>\n<p>[\/vc_column_text][vc_column_text]Terrafibra<br \/>\n96 Boulevard de Villefontaine<br \/>\n38090 Villefontaine<br \/>\nFrance<br \/>\nEmail : contact@amaco.org<br \/>\nT\u00e9l\u00e9phone : +33 (0)4 74 96 89 06[\/vc_column_text][\/vc_column][\/vc_row][vc_row][vc_column][vc_column_text]<\/p>\n<h3>H\u00c9BERGEMENT DU SITE<\/h3>\n<p>[\/vc_column_text][vc_column_text]Soci\u00e9t\u00e9 : Infomaniak Network SA<br \/>\nAdresse: Rue Eug\u00e8ne-Marziano 25, 1227 Gen\u00e8ve, Suisse<br \/>\nT\u00e9l\u00e9phone : +41 22 820 35 44[\/vc_column_text][\/vc_column][\/vc_row][vc_row][vc_column][vc_column_text]<\/p>\n<h3>INTEGRATEUR DU SITE<\/h3>\n<p>[\/vc_column_text][vc_column_text]Soci\u00e9t\u00e9 : D2B Consulting<br \/>\nAdresse: 3 Rue Louis Gattefoss\u00e9 \u2013 69800 Saint-Priest, France.<br \/>\nT\u00e9l\u00e9phone : 04 81 09 01 00[\/vc_column_text][\/vc_column][\/vc_row][vc_row][vc_column][vc_column_text]<\/p>\n<h3>DISPOSITIONS L\u00c9GALES<\/h3>\n<p>[\/vc_column_text][vc_column_text]Ce site web et le traitement des donn\u00e9es \u00e0 caract\u00e8re personnel collect\u00e9es par ce site font l\u2019objet d\u2019une d\u00e9claration aupr\u00e8s de la CNIL. Comme pr\u00e9vu par la loi \u00ab Informatique et Libert\u00e9s \u00bb du 6 Janvier 1978, vous disposez d\u2019un droit d\u2019acc\u00e8s, de modification, de rectification et de suppression des donn\u00e9es personnelles qui vous concernent. Vous pouvez exercer ce droit par simple demande \u00e9crite (courriel ou courrier papier). Les informations diffus\u00e9es sur ce site et plus largement sur les noms de domaine propri\u00e9t\u00e9 de Terrafibra sont fournies \u00e0 titre purement informatif. Terrafibra compile et produit ces contenus \u00e0 partir de diff\u00e9rentes sources concordantes. Terrafibra ne saurait \u00eatre tenu responsable de la v\u00e9racit\u00e9 et de la pertinence des contenus ni de l\u2019utilisation et de l\u2019exploitation que l\u2019utilisateur du site pourrait en faire.<\/p>\n<p>Toute reproduction, modification, publication, copie, totale ou partielle du contenu pr\u00e9sent\u00e9 sur les domaines de Terrafibra, par quelque proc\u00e9d\u00e9 que ce soit et quelque soit le support est interdite.[\/vc_column_text][\/vc_column][\/vc_row][vc_row][vc_column][vc_column_text]<\/p>\n<h3>DISPOSITIONS RGPD<\/h3>\n<p>[\/vc_column_text][vc_column_text]Terrafibra est le responsable du traitement des donn\u00e9es collect\u00e9es sur le site # L\u2019utilisateur est notamment inform\u00e9 que conform\u00e9ment \u00e0 l\u2019article 32 de la loi Informatique et libert\u00e9s du 6 janvier 1978 modifi\u00e9e, les informations qu\u2019il communique par les formulaires pr\u00e9sents sur le Site de Terrafibra sont n\u00e9cessaires pour r\u00e9pondre \u00e0 sa demande et sont destin\u00e9es aux services en charge de r\u00e9pondre \u00e0 sa demande \u00e0 des fins de suivi de cette demande.<\/p>\n<p>Conform\u00e9ment aux dispositions des articles 39 et 40 de la loi \u00ab Informatique et Libert\u00e9s \u00bb du 6 janvier 1978 modifi\u00e9e en 2004, l\u2019utilisateur b\u00e9n\u00e9ficie d\u2019un droit d\u2019acc\u00e8s, de rectification, de mise \u00e0 jour et d\u2019effacement des informations qui le concernent, qu\u2019il peut exercer en s\u2019adressant \u00e0 Terrafibra, 96 Boulevard de Villefontaine, 38090 Villefontaine<br \/>\nFrance, en pr\u00e9cisant dans l\u2019objet du courrier \u00ab Droit des personnes \u00bb et en joignant la copie de son justificatif d\u2019identit\u00e9.<\/p>\n<p>Vous b\u00e9n\u00e9ficiez \u00e9galement du droit de donner des directives sur le sort de vos donn\u00e9es apr\u00e8s votre d\u00e9c\u00e8s.<\/p>\n<p>Conform\u00e9ment aux dispositions de l\u2019article 38 de la loi \u00ab Informatique et Libert\u00e9s \u00bb du 6 janvier 1978 modifi\u00e9e en 2004, l\u2019utilisateur peut \u00e9galement s\u2019opposer, pour des motifs l\u00e9gitimes \u00e0 ce que ses donn\u00e9es fassent l\u2019objet d\u2019un traitement et sans motif et sans frais, \u00e0 ce que ses donn\u00e9es soient utilis\u00e9es \u00e0 des fins de prospection commerciale.<\/p>\n<p>L\u2019utilisateur est inform\u00e9 que lors de ses visites sur le Site #, un cookie peut s\u2019installer automatiquement sur son logiciel de navigation. Les informations recueillies sur ce site seront conserv\u00e9es pendant une dur\u00e9e de trois ans.<\/p>\n<p>Le cookie est un bloc de donn\u00e9es qui ne permet pas d\u2019identifier les utilisateurs mais sert \u00e0 enregistrer des informations relatives \u00e0 la navigation de celui-ci sur le site. Le param\u00e9trage du logiciel de navigation permet d\u2019informer de la pr\u00e9sence de cookie et \u00e9ventuellement, de la refuser de la mani\u00e8re d\u00e9crite \u00e0 l\u2019adresse suivante www.cnil.fr.<\/p>\n<p>L\u2019utilisateur dispose d\u2019un droit d\u2019acc\u00e8s, de retrait et de modification des donn\u00e9es \u00e0 caract\u00e8re personnel communiqu\u00e9es par le biais des cookies dans les conditions indiqu\u00e9es ci-dessus. L\u2019utilisateur du site de Terrafibra est tenu de respecter les dispositions de la loi Informatique et libert\u00e9s du 6 janvier 1978 modifi\u00e9e dont la violation est passible de sanctions p\u00e9nales. Il doit notamment s\u2019abstenir, s\u2019agissant des informations nominatives auxquelles il acc\u00e8de, de toute collecte, de toute utilisation d\u00e9tourn\u00e9e, et d\u2019une mani\u00e8re g\u00e9n\u00e9rale, de tout acte susceptible de porter atteinte \u00e0 la vie priv\u00e9e ou \u00e0 la r\u00e9putation des personnes. Gestion des cookies[\/vc_column_text][\/vc_column][\/vc_row][vc_row][vc_column][vc_column_text]<\/p>\n<h3>LIENS DEPUIS ET VERS CE CONTENU<\/h3>\n<p>[\/vc_column_text][vc_column_text]Les contenus des domaines de Terrafibra peuvent inclure des liens vers d\u2019autres sites ou d\u2019autres contenus internet, non propri\u00e9t\u00e9 de Terrafibra. En cons\u00e9quence, Terrafibra ne saurait \u00eatre tenu responsable de ces contenus et du fonctionnement de ces sites (cookies, collecte de donn\u00e9es personnelles, \u2026). Il est possible de cr\u00e9er des liens vers les contenus compil\u00e9s ou produits par Terrafibra.[\/vc_column_text][\/vc_column][\/vc_row][vc_row][vc_column][vc_column_text]<\/p>\n<h3>COPYRIGHT<\/h3>\n<p>[\/vc_column_text][vc_column_text]Tous droits de reproduction et de diffusion r\u00e9serv\u00e9s. \u00a9 2021 Terrafibra. All Rights Reserved.[\/vc_column_text][\/vc_column][\/vc_row]<\/p>\n","protected":false},"excerpt":{"rendered":"<p>[vc_row][vc_column][vc_column_text] EDITEUR DU SITE [\/vc_column_text][vc_column_text]Le site # est la propri\u00e9t\u00e9 de la soci\u00e9t\u00e9 Les Grands Ateliers, Soci\u00e9t\u00e9 par actions simplifi\u00e9e au capital de 2\u20ac. Siret :<span class=\"excerpt-hellip\"> [\u2026]<\/span><\/p>\n","protected":false},"author":1,"featured_media":0,"parent":0,"menu_order":0,"comment_status":"closed","ping_status":"closed","template":"","meta":{"_vp_format_video_url":"","_vp_image_focal_point":[],"_vp_format_audio_url":"","_vp_custom_thumbnail":0,"_vp_hover_thumbnail":0,"_vp_hover_thumbnail_focal_point":[],"footnotes":""},"class_list":["post-8157","page","type-page","status-publish","hentry"],"_links":{"self":[{"href":"https:\/\/www.materiaaward.com\/en\/wp-json\/wp\/v2\/pages\/8157","targetHints":{"allow":["GET"]}}],"collection":[{"href":"https:\/\/www.materiaaward.com\/en\/wp-json\/wp\/v2\/pages"}],"about":[{"href":"https:\/\/www.materiaaward.com\/en\/wp-json\/wp\/v2\/types\/page"}],"author":[{"embeddable":true,"href":"https:\/\/www.materiaaward.com\/en\/wp-json\/wp\/v2\/users\/1"}],"replies":[{"embeddable":true,"href":"https:\/\/www.materiaaward.com\/en\/wp-json\/wp\/v2\/comments?post=8157"}],"version-history":[{"count":1,"href":"https:\/\/www.materiaaward.com\/en\/wp-json\/wp\/v2\/pages\/8157\/revisions"}],"predecessor-version":[{"id":8158,"href":"https:\/\/www.materiaaward.com\/en\/wp-json\/wp\/v2\/pages\/8157\/revisions\/8158"}],"wp:attachment":[{"href":"https:\/\/www.materiaaward.com\/en\/wp-json\/wp\/v2\/media?parent=8157"}],"curies":[{"name":"wp","href":"https:\/\/api.w.org\/{rel}","templated":true}]}}