{"id":8159,"date":"2021-03-05T09:13:18","date_gmt":"2021-03-05T08:13:18","guid":{"rendered":"https:\/\/www.terrafibraaward.com\/politique-de-confidentialite-2\/"},"modified":"2021-11-05T10:34:48","modified_gmt":"2021-11-05T09:34:48","slug":"privacy-policy","status":"publish","type":"page","link":"https:\/\/www.materiaaward.com\/en\/privacy-policy\/","title":{"rendered":"Privacy Policy"},"content":{"rendered":"<p>[vc_row][vc_column][vc_column_text]Nous prenons votre vie priv\u00e9e tr\u00e8s au s\u00e9rieux !<\/p>\n<p>Merci d\u2019utiliser nos sites Web et nos services. Comme vous, nous croyons que l\u2019int\u00e9grit\u00e9 personnelle est importante et nous prenons votre vie priv\u00e9e au s\u00e9rieux. Cette charte de confidentialit\u00e9 est pertinente pour toute personne physique partageant ses donn\u00e9es personnelles directement ou indirectement avec Terrafibra en visitant notre site Web ou en utilisant nos services.<\/p>\n<p>Terrafibra est une soci\u00e9t\u00e9 \u00e9tablie en France et, en tant que telle, nous adh\u00e9rons \u00e0 la l\u00e9gislation fran\u00e7aise sur la protection des informations personnelles (1998: 204) qui applique la Directive sur la protection des donn\u00e9es europ\u00e9ennes 95\/46\/EC.<\/p>\n<p>Notre si\u00e8ge social est situ\u00e9 96 Boulevard de Villefontaine, 38090 Villefontaine, France. N\u2019h\u00e9sitez pas \u00e0 nous faire part de vos questions ou pr\u00e9occupations en mati\u00e8re de protection des donn\u00e9es, \u00e0 l\u2019adresse suivante : contact@amaco.org.<\/p>\n<p>Dans cette charte de confidentialit\u00e9, nous expliquons quels types de donn\u00e9es personnelles sont susceptible d\u2019\u00eatre trait\u00e9 et dans quelle finalit\u00e9. Nous expliquons \u00e9galement les choix que vous avez par rapport \u00e0 notre traitement et la fa\u00e7on dont vous pouvez en apprendre davantage sur notre traitement et sur vos droits.[\/vc_column_text][\/vc_column][\/vc_row][vc_row][vc_column][vc_column_text]<\/p>\n<h3>PORT\u00c9E DE LA CHARTE DE CONFIDENTIALIT\u00c9<\/h3>\n<p>[\/vc_column_text][vc_column_text]Veuillez noter que cette charte de confidentialit\u00e9 concerne le traitement des donn\u00e9es personnelles dont Terrafibra est le Responsable de Traitement, c\u2019est-\u00e0-dire dans les cas o\u00f9 Terrafibra a d\u00e9cid\u00e9 des finalit\u00e9s et des moyens de traitement. Pour \u00e9viter toute ambigu\u00eft\u00e9, cette Charte de confidentialit\u00e9 ne concerne aucun traitement de donn\u00e9es personnelles que Terrafibra peut effectuer en tant que Sous-Traitant d\u00e9coulant de votre utilisation de nos services.<\/p>\n<p>Pour obtenir plus d\u2019informations sur la fa\u00e7on dont nos services, peuvent \u00eatre utilis\u00e9s pour faciliter vos traitements de donn\u00e9es personnelles, et sur les responsabilit\u00e9s et les engagements de Terrafibra en relation avec ceux-ci, veuillez vous r\u00e9f\u00e9rer aux conditions applicables.[\/vc_column_text][\/vc_column][\/vc_row][vc_row][vc_column][vc_column_text]<\/p>\n<h3>DONN\u00c9ES PERSONNELLES TRAIT\u00c9ES<\/h3>\n<p>[\/vc_column_text][vc_column_text]Les donn\u00e9es personnelles d\u00e9signent les donn\u00e9es qui vous identifient en tant que personne physique. Nous pouvons \u00eatre amen\u00e9 \u00e0 traiter Les donn\u00e9es personnelles d\u00e9signent les donn\u00e9es qui vous identifient en tant que personne physique. Nous pouvons \u00eatre amen\u00e9 \u00e0 traiter les types de donn\u00e9es personnelles suivants vous concernant : Vos coordonn\u00e9es incluant votre nom, l\u2019adresse courriel et le num\u00e9ro de t\u00e9l\u00e9phone<\/p>\n<p>Informations utilisateur, par exemple, si vous vous connectez \u00e0 notre service ou visitez nos sites internet. Ces informations peuvent comprendre le num\u00e9ro IP, le type de p\u00e9riph\u00e9rique et le navigateur, fuseau horaire, situation g\u00e9ographique, ainsi que vos int\u00e9r\u00eat et pr\u00e9f\u00e9rences des informations sur la fa\u00e7on dont vous interagissez avec nos services, par exemple sur les fonctionnalit\u00e9s utilis\u00e9es et les boutons cliqu\u00e9s Autres informations que nous recevons \u00e0 travers vos contacts les types de donn\u00e9es personnelles suivants vous concernant : Vos coordonn\u00e9es incluant votre nom, l\u2019adresse courriel et le num\u00e9ro de t\u00e9l\u00e9phone Informations utilisateur, par exemple, si vous vous connectez \u00e0 notre service ou visitez nos sites internet. Ces informations peuvent comprendre le num\u00e9ro IP, le type de p\u00e9riph\u00e9rique et le navigateur, fuseau horaire, situation g\u00e9ographique, ainsi que vos int\u00e9r\u00eat et pr\u00e9f\u00e9rences des informations sur la fa\u00e7on dont vous interagissez avec nos services, par exemple sur les fonctionnalit\u00e9s utilis\u00e9es et les boutons cliqu\u00e9s Autres informations que nous recevons \u00e0 travers vos contacts[\/vc_column_text][\/vc_column][\/vc_row][vc_row][vc_column][vc_column_text]<\/p>\n<h3>FINALIT\u00c9S DE TRAITEMENT<\/h3>\n<p>[\/vc_column_text][vc_column_text]Les donn\u00e9es personnelles d\u00e9signent les donn\u00e9es qui vous identifient en tant que personne physique. Nous pouvons \u00eatre amen\u00e9 \u00e0 traiter Les donn\u00e9es personnelles d\u00e9signent les donn\u00e9es qui vous identifient en tant que personne physique. Nous pouvons \u00eatre amen\u00e9 \u00e0 traiter les types de donn\u00e9es personnelles suivants vous concernant : Vos coordonn\u00e9es incluant votre nom, l\u2019adresse courriel et le num\u00e9ro de t\u00e9l\u00e9phone<\/p>\n<p>Nous traitons vos donn\u00e9es personnelles pour les finalit\u00e9s suivantes : Fournir nos services conform\u00e9ment aux conditions applicables Administrer la relation d\u2019affaires avec vous et le client de Terrafibra que vous repr\u00e9sentez D\u00e9velopper et am\u00e9liorer nos services Afin de fournir des informations et des offres aux clients de Terrafibra actuels ou potentiels sur nos services par des parties tiers s\u00e9lectionn\u00e9s. Pour \u00e9viter toute ambigu\u00eft\u00e9, tout mat\u00e9riel de marketing distribu\u00e9 \u00e0 l\u2019aide de vos donn\u00e9es personnelles vous est envoy\u00e9 en tant que repr\u00e9sentant de client actuel ou potentiel de Terrafibra et non \u00e0 vous en tant que personne priv\u00e9e.[\/vc_column_text][\/vc_column][\/vc_row][vc_row][vc_column][vc_column_text]<\/p>\n<h3>PARTAGE AVEC DES TIERS ET TRANSFERT VERS LES PAYS TIERS<\/h3>\n<p>[\/vc_column_text][vc_column_text]Nous pouvons partager des donn\u00e9es personnelles avec des tiers aux fins expliqu\u00e9es ci-dessus. Pour \u00e9viter tout doute, nous ne partagerons pas de donn\u00e9es personnelles avec des tiers de mani\u00e8re \u00e0 ce que ces tiers utilisent des donn\u00e9es personnelles \u00e0 des fins de marketing direct en relation avec vous en tant que particulier, mais uniquement avec vous en tant que repr\u00e9sentant de client actuel ou potentiel de Terrafibra . Nous pouvons transf\u00e9rer des donn\u00e9es personnelles dans un pays en dehors de l\u2019EEE, mais nous devrons alors tout d\u2019abord obtenir votre consentement ou veiller \u00e0 ce que le transfert soit l\u00e9gal et s\u00e9curitaire en prenant d\u2019autres dispositions.<\/p>\n<p>Comme expliqu\u00e9 ci-dessus, n\u2019oubliez pas que cette charte de confidentialit\u00e9 ne concerne aucun traitement de donn\u00e9es pour lequel vous pourriez \u00eatre responsable \u00e0 la suite de l\u2019utilisation de nos services. Vous, ou la partie que vous repr\u00e9sentez, \u00eates toujours responsables de votre traitement des donn\u00e9es personnelles conform\u00e9ment \u00e0 la loi en vigueur.[\/vc_column_text][\/vc_column][\/vc_row][vc_row][vc_column][vc_column_text]<\/p>\n<h3>VOS DROITS<\/h3>\n<p>[\/vc_column_text][vc_column_text]Il est de notre obligation de traiter des \u00e9l\u00e9ments personnels pr\u00e9cis, pertinents et n\u00e9cessaires tout en tenant compte de nos finalit\u00e9s l\u00e9gitimes. Il est de votre droit de nous contr\u00f4ler. Pour mettre \u00e0 jour les donn\u00e9es personnelles que nous traitons vous concernant, veuillez nous contacter sur contact@amaco.org. Pour recevoir gratuitement un extrait de donn\u00e9es personnelles que nous traitons vous concernant, envoyez-nous une lettre sign\u00e9e \u00e0 l\u2019adresse de Terrafibra.[\/vc_column_text][\/vc_column][\/vc_row]<\/p>\n","protected":false},"excerpt":{"rendered":"<p>[vc_row][vc_column][vc_column_text]Nous prenons votre vie priv\u00e9e tr\u00e8s au s\u00e9rieux ! Merci d\u2019utiliser nos sites Web et nos services. Comme vous, nous croyons que l\u2019int\u00e9grit\u00e9 personnelle est importante<span class=\"excerpt-hellip\"> [\u2026]<\/span><\/p>\n","protected":false},"author":1,"featured_media":0,"parent":0,"menu_order":0,"comment_status":"closed","ping_status":"closed","template":"","meta":{"_vp_format_video_url":"","_vp_image_focal_point":[],"_vp_format_audio_url":"","_vp_custom_thumbnail":0,"_vp_hover_thumbnail":0,"_vp_hover_thumbnail_focal_point":[],"footnotes":""},"class_list":["post-8159","page","type-page","status-publish","hentry"],"_links":{"self":[{"href":"https:\/\/www.materiaaward.com\/en\/wp-json\/wp\/v2\/pages\/8159","targetHints":{"allow":["GET"]}}],"collection":[{"href":"https:\/\/www.materiaaward.com\/en\/wp-json\/wp\/v2\/pages"}],"about":[{"href":"https:\/\/www.materiaaward.com\/en\/wp-json\/wp\/v2\/types\/page"}],"author":[{"embeddable":true,"href":"https:\/\/www.materiaaward.com\/en\/wp-json\/wp\/v2\/users\/1"}],"replies":[{"embeddable":true,"href":"https:\/\/www.materiaaward.com\/en\/wp-json\/wp\/v2\/comments?post=8159"}],"version-history":[{"count":1,"href":"https:\/\/www.materiaaward.com\/en\/wp-json\/wp\/v2\/pages\/8159\/revisions"}],"predecessor-version":[{"id":8160,"href":"https:\/\/www.materiaaward.com\/en\/wp-json\/wp\/v2\/pages\/8159\/revisions\/8160"}],"wp:attachment":[{"href":"https:\/\/www.materiaaward.com\/en\/wp-json\/wp\/v2\/media?parent=8159"}],"curies":[{"name":"wp","href":"https:\/\/api.w.org\/{rel}","templated":true}]}}