{"id":8172,"date":"2021-05-05T10:09:24","date_gmt":"2021-05-05T08:09:24","guid":{"rendered":"https:\/\/www.terrafibraaward.com\/autour-du-terra-fibra-award\/"},"modified":"2023-10-24T22:53:39","modified_gmt":"2023-10-24T20:53:39","slug":"arount-the-terra-fibra-award","status":"publish","type":"page","link":"https:\/\/www.materiaaward.com\/en\/arount-the-terra-fibra-award\/","title":{"rendered":"Around the materia award"},"content":{"rendered":"<p>[vc_row][vc_column][vc_empty_space][\/vc_column][\/vc_row][vc_row][vc_column][vc_column_text]<\/p>\n<p class=\"avenir-black titre-strong upper\">\u00c9v\u00e8nements actuels ou \u00e0 venir<\/p>\n<p>[\/vc_column_text][\/vc_column][\/vc_row][vc_row][vc_column][vc_raw_html]JTVCZXZlbnRzX2xpc3QlMjBjYXRlZ29yeSUzRCUyMjExMyUyMiUyMHNjb3BlJTNEJTIydG9kYXklMjIlNUQlNUJldmVudHNfbGlzdCUyMHNjb3BlJTNEJTIyZnV0dXJlJTIyJTIwY2F0ZWdvcnklM0QlMjIxMTMlMjIlNUQ=[\/vc_raw_html][\/vc_column][\/vc_row][vc_row][vc_column][vc_column_text]<\/p>\n<p class=\"avenir-black titre-strong upper\">\u00c9v\u00e8nements pass\u00e9s<\/p>\n<p>[\/vc_column_text][\/vc_column][\/vc_row][vc_row][vc_column][vc_raw_html]JTVCZXZlbnRzX2xpc3QlMjBjYXRlZ29yeSUzRCUyMjExMyUyMiUyMHNjb3BlJTNEJTIyYXZhbnQlMjIlNUQ=[\/vc_raw_html][\/vc_column][\/vc_row][vc_row][vc_column][vc_empty_space height=&#8221;100px&#8221;][\/vc_column][\/vc_row]<\/p>\n","protected":false},"excerpt":{"rendered":"<p>[vc_row][vc_column][vc_empty_space][\/vc_column][\/vc_row][vc_row][vc_column][vc_column_text] \u00c9v\u00e8nements actuels ou \u00e0 venir [\/vc_column_text][\/vc_column][\/vc_row][vc_row][vc_column][vc_raw_html]JTVCZXZlbnRzX2xpc3QlMjBjYXRlZ29yeSUzRCUyMjExMyUyMiUyMHNjb3BlJTNEJTIydG9kYXklMjIlNUQlNUJldmVudHNfbGlzdCUyMHNjb3BlJTNEJTIyZnV0dXJlJTIyJTIwY2F0ZWdvcnklM0QlMjIxMTMlMjIlNUQ=[\/vc_raw_html][\/vc_column][\/vc_row][vc_row][vc_column][vc_column_text] \u00c9v\u00e8nements pass\u00e9s [\/vc_column_text][\/vc_column][\/vc_row][vc_row][vc_column][vc_raw_html]JTVCZXZlbnRzX2xpc3QlMjBjYXRlZ29yeSUzRCUyMjExMyUyMiUyMHNjb3BlJTNEJTIyYXZhbnQlMjIlNUQ=[\/vc_raw_html][\/vc_column][\/vc_row][vc_row][vc_column][vc_empty_space height=&#8221;100px&#8221;][\/vc_column][\/vc_row]<\/p>\n","protected":false},"author":1,"featured_media":0,"parent":0,"menu_order":0,"comment_status":"closed","ping_status":"closed","template":"","meta":{"_vp_format_video_url":"","_vp_image_focal_point":[],"_vp_format_audio_url":"","_vp_custom_thumbnail":0,"_vp_hover_thumbnail":0,"_vp_hover_thumbnail_focal_point":[],"footnotes":""},"class_list":["post-8172","page","type-page","status-publish","hentry"],"_links":{"self":[{"href":"https:\/\/www.materiaaward.com\/en\/wp-json\/wp\/v2\/pages\/8172","targetHints":{"allow":["GET"]}}],"collection":[{"href":"https:\/\/www.materiaaward.com\/en\/wp-json\/wp\/v2\/pages"}],"about":[{"href":"https:\/\/www.materiaaward.com\/en\/wp-json\/wp\/v2\/types\/page"}],"author":[{"embeddable":true,"href":"https:\/\/www.materiaaward.com\/en\/wp-json\/wp\/v2\/users\/1"}],"replies":[{"embeddable":true,"href":"https:\/\/www.materiaaward.com\/en\/wp-json\/wp\/v2\/comments?post=8172"}],"version-history":[{"count":2,"href":"https:\/\/www.materiaaward.com\/en\/wp-json\/wp\/v2\/pages\/8172\/revisions"}],"predecessor-version":[{"id":11110,"href":"https:\/\/www.materiaaward.com\/en\/wp-json\/wp\/v2\/pages\/8172\/revisions\/11110"}],"wp:attachment":[{"href":"https:\/\/www.materiaaward.com\/en\/wp-json\/wp\/v2\/media?parent=8172"}],"curies":[{"name":"wp","href":"https:\/\/api.w.org\/{rel}","templated":true}]}}