{"id":8199,"date":"2021-11-05T17:31:03","date_gmt":"2021-11-05T16:31:03","guid":{"rendered":"https:\/\/www.terrafibraaward.com\/?page_id=8199"},"modified":"2021-11-11T14:34:49","modified_gmt":"2021-11-11T13:34:49","slug":"the-juries","status":"publish","type":"page","link":"https:\/\/www.materiaaward.com\/en\/the-juries\/","title":{"rendered":"The Juries"},"content":{"rendered":"<p>[vc_row][vc_column][vc_column_text]<\/p>\n<h4><strong>THE JURIES<\/strong><\/h4>\n<p>[\/vc_column_text][vc_column_text]<div class=\"facetwp-facet facetwp-facet-jurys facetwp-type-dropdown\" data-name=\"jurys\" data-type=\"dropdown\"><\/div>[\/vc_column_text][vc_column_text el_class=&#8221;margin-b-zero&#8221;]<div class=\"facetwp-template\" data-name=\"jurys\"><div class=\"fwpl-layout el-1z0ho\"><div class=\"fwpl-result r1\"><div class=\"fwpl-row el-0k9pg7\"><div class=\"fwpl-col fwpl-col el-r0kzi\"><div class=\"fwpl-item el-aheybc\"><p>The first jury took place on April 11, 2024. It selected the 40 finalist buildings for this 4th edition. The honorary jury was held on June 11, 2024, and selected the 5 winners.<\/p>\n<div class=\"vc_row wpb_row vc_row-fluid\">\n<div class=\"wpb_column vc_column_container vc_col-sm-6\">\n<div class=\"vc_column-inner\">\n<div class=\"wpb_wrapper\">\n<div class=\"wpb_text_column wpb_content_element \">\n<div class=\"wpb_wrapper\">\n<h5><strong>First jury<\/strong><\/h5>\n<\/div>\n<\/div>\n<div class=\"wpb_text_column wpb_content_element \">\n<div class=\"wpb_wrapper\">\n<p><strong>Members<\/strong><\/p>\n<\/div>\n<\/div>\n<div class=\"wpb_text_column wpb_content_element \">\n<div class=\"wpb_wrapper\">\n<p>Luc BARR\u00c9, architect, financial support of the <em>materia award<\/em> 2025<\/p>\n<p>David ABITTAN, architect, editor-in-chief of Tema.archi, associate director of Temaprod<\/p>\n<p>Fran\u00e7ois BRUN, head of Technical Control Missions, raw earth specialist at BTP Consultants<\/p>\n<p>Marianne CARREGA, deputy director, director of publications at the Pavillon de l&#8217;Arsenal<\/p>\n<p>Bruno COMBERNOUX, Compagnon stone mason &#8211; Atelier Geopiedra<\/p>\n<p>V\u00e9ronique DUFOUR, director of Ville &amp; Am\u00e9nagement Durable<\/p>\n<p>Dominique GAUZIN-M\u00dcLLER, architect, researcher, co-founder of the Mouvement de la Frugalit\u00e9 heureuse &amp; cr\u00e9ative, coordinator of the TERRA and FIBRA Awards<\/p>\n<p>Nicolas GUIGNARD, deputy director of EnvirobatBDM<\/p>\n<p>Guillaume HABERT, geologist, professor-researcher, director of the &#8220;Sustainable Construction&#8221; chair at ETH Zurich<\/p>\n<p>Gabrielle JEQUECE, head of the Architecture and Landscape sponsorship program at Caisse des D\u00e9p\u00f4ts<\/p>\n<p>Jean-Marie LE TIEC, architect, associate director of NAMA Architecture Agency, member of CRAterre<\/p>\n<p>Martin PAQUOT, architect, co-founder of Topophile<\/p>\n<p>Florent PERROUD, architect-urban planner, project manager for awareness at CAUE Rh\u00f4ne M\u00e9tropole<\/p>\n<p>S\u00e9bastien ROUSSEL, Compagnon stone mason, project manager, coordinator of the BTMS at the Compagnons du Devoir and Tour de France<\/p>\n<p>Odile VANDERMEEREN, engineer-architect, co-founder of Fact Sahel+, founder of Archisanat, member of the B\u00e2tisseurs Accueillants Bat&#8217;Acc<\/p>\n<p>Servane VERRECCHIA, head of strategy, development and innovation at Verrecchia Group<\/p>\n<\/div>\n<\/div>\n<\/div>\n<\/div>\n<\/div>\n<div class=\"wpb_column vc_column_container vc_col-sm-6\">\n<div class=\"vc_column-inner\">\n<div class=\"wpb_wrapper\">\n<div class=\"wpb_text_column wpb_content_element \">\n<div class=\"wpb_wrapper\">\n<h5><strong>Honorary Jury<\/strong><\/h5>\n<\/div>\n<\/div>\n<div class=\"wpb_text_column wpb_content_element \">\n<div class=\"wpb_wrapper\">\n<p><strong>President<\/strong><\/p>\n<p>Armelle CHOPLIN, geographer, professor at the University of Geneva, director of the GEDT Institute<\/p>\n<\/div>\n<\/div>\n<div class=\"wpb_text_column wpb_content_element \">\n<div class=\"wpb_wrapper\">\n<p><strong>Members<\/strong><\/p>\n<p>Alia BENGANA, architect, teacher at ENSA Paris-Est, studio director at the EPFL ALICE laboratory, member of the Rethink Materials collective, contributor to the Trac\u00e8s journal<\/p>\n<p>Maxime BONNEVIE, architect, director of Les Grands Ateliers, co-organizer of the <em>materia award<\/em> 2025<\/p>\n<p>Emmanuel CAILLE, architect, journalist, editor-in-chief of the magazine d&#8217;a (d&#8217;architectures)<\/p>\n<p>Jean DETHIER, architect, architecture critic, exhibition curator at the Centre Pompidou<\/p>\n<p>Val\u00e9rie FLICOTEAUX-MELLING, vice-president of the National Council of the Order of Architects<\/p>\n<p>Laetitia FONTAINE, engineer, researcher at the CRAterre-AE&amp;CC-ENSAG-UGA laboratory, director of am\u00e0co, co-organizer of the <em>materia award<\/em> 2025<\/p>\n<p>Claude GARGI, editor-in-chief of <em>Pierre Actual<\/em><\/p>\n<p>Dominique GAUZIN-M\u00dcLLER, architect, researcher, co-founder of the Mouvement de la Frugalit\u00e9 heureuse &amp; cr\u00e9ative, coordinator of the TERRA and FIBRA Awards<\/p>\n<p>Anne-Sophie GOUYEN, architect, editor-in-chief of <em>S\u00e9quences Bois<\/em><\/p>\n<p>Yann LE BIHAN, Compagnon stone mason, head of the Institute for advanced research and training in stone trades at the Compagnons du Devoir and Tour de France<\/p>\n<p>J\u00e9r\u00f4me PINAUD, architect-urban planner, project manager for experimentation \/ innovation in architecture, sub-direction of Architecture, Quality of Construction and Living Environment at the Ministry of Culture<\/p>\n<p>Blanche RIVI\u00c8RE, chief architect, Heritage and Architecture Department for the city of Paris<\/p>\n<p>Catherine SAYEN, urban planner, independent researcher, editor and president of the association Pierres Sauvages de Belcastel<\/p>\n<p>Sophie TRATCHE, architect, professor of High-Performance, Sustainable and Circular Construction at the Faculty of achitecture ULi\u00e8ge<\/p>\n<\/div>\n<\/div>\n<\/div>\n<\/div>\n<\/div>\n<\/div>\n<\/div><\/div><\/div><\/div><div class=\"fwpl-result r2\"><div class=\"fwpl-row el-0k9pg7\"><div class=\"fwpl-col fwpl-col el-r0kzi\"><div class=\"fwpl-item el-aheybc\"><p>The first selection jury for the TERRAFIBRA Award 2021 was held on 1 April 2021. It designated the 40 finalist buildings of this 3rd edition. The final jury was held on 1 October 2021 and selected 11 winners.<\/p>\n<div class=\"vc_row wpb_row vc_row-fluid\">\n<div class=\"wpb_column vc_column_container vc_col-sm-6\">\n<div class=\"vc_column-inner\">\n<div class=\"wpb_wrapper\">\n<div class=\"wpb_text_column wpb_content_element \">\n<div class=\"wpb_wrapper\">\n<h5><strong>First jury<\/strong><\/h5>\n<\/div>\n<\/div>\n<div class=\"wpb_text_column wpb_content_element \">\n<div class=\"wpb_wrapper\">\n<p><strong>President<\/strong><\/p>\n<p>Bernard BLANC, Deputy for the Resilient City of Bordeaux<\/p>\n<\/div>\n<\/div>\n<div class=\"wpb_text_column wpb_content_element \">\n<div class=\"wpb_wrapper\">\n<p><strong>Members<\/strong><\/p>\n<p>Luc BARR\u00c9, architect and representative of Maisons Paysannes de France<\/p>\n<p>Marie-H\u00e9l\u00e8ne CONTAL, Deputy Director of the French Institute of Architecture, Cit\u00e9 de l&#8217;architecture et du patrimoine<\/p>\n<p>Arnaud DUTHEIL, Director of the CAUE Haute-Savoie<\/p>\n<p>Fabienne FENDRICH, architect, state planner, architecture department &#8211; Ministry of Culture<\/p>\n<p>Laetitia FONTAINE, engineer, researcher at the CRAterre-AE&amp;CC-ENSAG-UGA laboratory, director of am\u00e0co, co-sponsor of the TERRAFIBRA Award<\/p>\n<p>Dominique GAUZIN-M\u00dcLLER, architect, researcher and coordinator of the TERRA and FIBRA Awards<\/p>\n<p>Sylvain GODINOT, Deputy Mayor for Ecological Transition and Heritage of the City of Lyon<\/p>\n<p>Nicolas GUIGNARD, Fibra Terra Manager &#8211; Envirobat BDM<\/p>\n<p>Martin PAQUOT, co-founder of Topophile<\/p>\n<p>Rapha\u00ebl PAUSCHITZ, co-founder of Topophile<\/p>\n<p>Bakonirina RAKOTOMAMONJY, president of CRAterre<\/p>\n<p>Abdelghani TAYYIBI, architect, director of the National School of Architecture of Marrakech<\/p>\n<p>Odile VANDERMEEREN, director of FACT Sahel +<\/p>\n<p>Sylvie WHEELER, craftswoman and Asterre representative<\/p>\n<\/div>\n<\/div>\n<\/div>\n<\/div>\n<\/div>\n<div class=\"wpb_column vc_column_container vc_col-sm-6\">\n<div class=\"vc_column-inner\">\n<div class=\"wpb_wrapper\">\n<div class=\"wpb_text_column wpb_content_element \">\n<div class=\"wpb_wrapper\">\n<h5><strong>Final jury<\/strong><\/h5>\n<\/div>\n<\/div>\n<div class=\"wpb_text_column wpb_content_element \">\n<div class=\"wpb_wrapper\">\n<p><strong>President<\/strong><\/p>\n<p>Christine LECONTE, architect-urban planner and President of the National Council of the Order of Architects<\/p>\n<\/div>\n<\/div>\n<div class=\"wpb_text_column wpb_content_element \">\n<div class=\"wpb_wrapper\">\n<p><strong>Members<\/strong><\/p>\n<p>Michel ABADIE, president of the world bamboo organisation<\/p>\n<p>Maxime BONNEVIE, architect and director of the Grands Ateliers, co-sponsor of the TERRAFIBRA Award<\/p>\n<p>Andr\u00e9 BOURASSA, architect, Rendez-vous des \u00e9comat\u00e9riaux du Qu\u00e9bec (Canada)<\/p>\n<p>Jean DETHIER, architect, architecture critic, former exhibition curator at the Centre Pompidou (Paris)<\/p>\n<p>V\u00e9ronique DUFOUR, Director of Ville &amp; Am\u00e9nagement Durable<\/p>\n<p>Val\u00e9rie FLICOTEAUX-MELLING, vice president of the National Council of the Order of Architects<\/p>\n<p>Laetitia FONTAINE, engineer, researcher at the CRAterre-AE&amp;CC-ENSAG-UGA laboratory, director of am\u00e0co, co-sponsor of the TERRAFIBRA Award<\/p>\n<p>Dominique GAUZIN-M\u00dcLLER, architect, researcher and coordinator of the TERRA and FIBRA Awards<\/p>\n<p>Hubert GUILLAUD, architect-researcher, scientific co-director of the AE&amp;CC Laboratoire CRAterre research unit at the \u00c9cole Nationale d&#8217;Architecture de Grenoble, head of the UNESCO Chair &#8220;Earthen Architectures&#8221;, co-chair of the TERRA Award, researcher and coordinator of the TERRA and FIBRA Awards<\/p>\n<p>Guillaume HABERT, Professor and Director of the Chair of Sustainable Construction at the ETH Z\u00fcrich<\/p>\n<p>Vincent KITO, architect, head of urban energy department, UN HABITAT, Kenya (Africa)<\/p>\n<p>Alexandre LABASSE, Director of the Pavillon de l&#8217;Arsenal<\/p>\n<p>Manon MOLLARD, architect, editorial director of &#8216;The Architectural Review&#8217; (Great Britain)<\/p>\n<p>H\u00e9l\u00e8ne PESKINE, Permanent Secretary of PUCA<\/p>\n<p>Blanche RIVI\u00c8RE, Chief architect, Heritage and Architecture Department, City of Paris<\/p>\n<p>Laure TRANNOY, Head of the &#8220;Bio- and geo-sourced construction sectors&#8221; project &#8211; Ministry of Ecological Transition and Solidarity<\/p>\n<\/div>\n<\/div>\n<\/div>\n<\/div>\n<\/div>\n<\/div>\n<\/div><\/div><\/div><\/div><div class=\"fwpl-result r3\"><div class=\"fwpl-row el-0k9pg7\"><div class=\"fwpl-col fwpl-col el-r0kzi\"><div class=\"fwpl-item el-aheybc\"><p>Meeting on 1 October 2018 in Paris, the members of the pre-selection jury designated the 50 finalist buildings presented in the book Architecture in Plant Fibres Today and the travelling exhibition. On 24 September 2019, the members of the final jury met at the Pavillon de l&#8217;Arsenal to select the 5 winners and 3 special prizes.<\/p>\n<div class=\"vc_row wpb_row vc_row-fluid\">\n<div class=\"wpb_column vc_column_container vc_col-sm-6\">\n<div class=\"vc_column-inner\">\n<div class=\"wpb_wrapper\">\n<div class=\"wpb_text_column wpb_content_element \">\n<div class=\"wpb_wrapper\">\n<h5><strong>First jury<\/strong><\/h5>\n<\/div>\n<\/div>\n<div class=\"wpb_text_column wpb_content_element \">\n<div class=\"wpb_wrapper\">\n<p><strong>Presidents<\/strong><\/p>\n<p>Albert DUBLER, architect, past president of the UIA, UIA representative<\/p>\n<p>Laetitia FONTAINE, engineer, director of am\u00e0co, holder of the FIBRA Award<\/p>\n<\/div>\n<\/div>\n<div class=\"wpb_text_column wpb_content_element \">\n<div class=\"wpb_wrapper\">\n<p><strong>Steering Committee<\/strong><\/p>\n<p>Prof. Guillaume HABERT, Director of the Chair of Sustainable Construction at the Zurich University of Technology<\/p>\n<p>Bernard BOYEUX, specialist in bio-based materials, director of BioBuild Concept<\/p>\n<\/div>\n<\/div>\n<div class=\"wpb_text_column wpb_content_element \">\n<div class=\"wpb_wrapper\">\n<p><strong>Coordination<\/strong><\/p>\n<p>Dominique GAUZIN-M\u00dcLLER, architect, consultant at am\u00e0co, collection manager at MUSEO<\/p>\n<p>Madiana HAZOUME\u0301, engineer specialising in green building<\/p>\n<\/div>\n<\/div>\n<div class=\"wpb_text_column wpb_content_element \">\n<div class=\"wpb_wrapper\">\n<p><strong>Institutional partners<\/strong><\/p>\n<p>A representative of the Ademe<\/p>\n<p>Emmanuel ACCHIARDI, Deputy Director for Quality and Sustainable Development in Construction, Ministry of Ecological Transition<\/p>\n<p>Nathalie CHOPLAIN, State architect-urbanist, in charge of urban planning and sustainable development, Ministry of Culture<\/p>\n<p>Melpom\u00e8ne DELAUNE, in charge of biosourced materials at the IDF Region<\/p>\n<p>Blanche RIVIERE, chief architect, Department of Heritage and Architecture, City of Paris<\/p>\n<p>Christine LECONTE, President of the Regional Council of the Order of Architects of \u00cele-de-France<\/p>\n<\/div>\n<\/div>\n<div class=\"wpb_text_column wpb_content_element \">\n<div class=\"wpb_wrapper\">\n<p><strong>Partner resource centres<\/strong><\/p>\n<p>Frank JANIN, engineer, specialist in bio-based materials at VAD<\/p>\n<p>Laurent PEREZ, architect, director of Ekopolis<\/p>\n<\/div>\n<\/div>\n<div class=\"wpb_text_column wpb_content_element \">\n<div class=\"wpb_wrapper\">\n<p><strong>International specialists<\/strong><\/p>\n<p>Andre\u0301 BOURASSA, architect, Rendez-vous des \u00e9comat\u00e9riaux du Qu\u00e9bec<\/p>\n<\/div>\n<\/div>\n<\/div>\n<\/div>\n<\/div>\n<div class=\"wpb_column vc_column_container vc_col-sm-6\">\n<div class=\"vc_column-inner\">\n<div class=\"wpb_wrapper\">\n<div class=\"wpb_text_column wpb_content_element \">\n<div class=\"wpb_wrapper\">\n<h5><strong>Final jury<\/strong><\/h5>\n<\/div>\n<\/div>\n<div class=\"wpb_text_column wpb_content_element \">\n<div class=\"wpb_wrapper\">\n<p><strong>Presidents<\/strong><\/p>\n<p>Anna HERINGER, architect specialising in earth and plant fibre architecture<\/p>\n<p>Laetitia FONTAINE, engineer, director of am\u00e0co, holder of the FIBRA Award<\/p>\n<\/div>\n<\/div>\n<div class=\"wpb_text_column wpb_content_element \">\n<div class=\"wpb_wrapper\">\n<p><strong>Steering Committee<\/strong><\/p>\n<p>Prof. Guillaume HABERT, Director of the Chair of Sustainable Construction at the Zurich University of Technology<\/p>\n<p>Bernard BOYEUX, specialist in bio-based materials, director of BioBuild Concept\t\t\t\t<\/p>\n<\/div>\n<\/div>\n<div class=\"wpb_text_column wpb_content_element \">\n<div class=\"wpb_wrapper\">\n<p><strong>Coordination<\/strong><\/p>\n<p>Dominique GAUZIN-M\u00dcLLER, architect, consultant at am\u00e0co, collection manager at MUSEO<\/p>\n<\/div>\n<\/div>\n<div class=\"wpb_text_column wpb_content_element \">\n<div class=\"wpb_wrapper\">\n<p><strong>Institutional partners<\/strong><\/p>\n<p>Alexandre LABASSE, Director of the Pavillon de l&#8217;Arsenal<\/p>\n<p>Val\u00e9rie FLICOTEAUX-MELLING, vice president of the National Council of the Order of Architects<\/p>\n<p>H\u00e9l\u00e8ne PESKINE, Permanent Secretary of PUCA <\/p>\n<p>Melpom\u00e8ne DELAUNE, in charge of biosourced materials at the \u00cele-de-France Region<\/p>\n<\/div>\n<\/div>\n<div class=\"wpb_text_column wpb_content_element \">\n<div class=\"wpb_wrapper\">\n<p><strong>Sponsors<\/strong><\/p>\n<p>Bernard BLANC, deputy director of aquitanis<\/p>\n<p>\u00c9ric WUILLAI, President of CBo Territoria<\/p>\n<\/div>\n<\/div>\n<div class=\"wpb_text_column wpb_content_element \">\n<div class=\"wpb_wrapper\">\n<p><strong>International specialists<\/strong><\/p>\n<p>Arnaud MISSE, architect, teacher-researcher at ENSA Grenoble (Europa)<\/p>\n<p>Coralie GARCIA, co-president of the Collectif des fili\u00e8res biosourc\u00e9es du b\u00e2timent and representative of the R\u00e9seau fran\u00e7ais de la construction paille (Europa)<\/p>\n<p>Shrutie TAMBOLI, Director of the Ahmedabad School of Architecture, India (Asia)<\/p>\n<p>Ernest DIONE, pneebtypha coordinator, Ministry of Environment and Sustainable Development, Senegal (Africa)<\/p>\n<p>Rodrigo ROCHA, Brazilian architect specialising in bamboo and raw earth (Latin America\/Australia)<\/p>\n<\/div>\n<\/div>\n<\/div>\n<\/div>\n<\/div>\n<\/div>\n<\/div><\/div><\/div><\/div><div class=\"fwpl-result r4\"><div class=\"fwpl-row el-0k9pg7\"><div class=\"fwpl-col fwpl-col el-r0kzi\"><div class=\"fwpl-item el-aheybc\"><p>The first TERRA Award jury took place on 15 January 2016 at the Ecole Nationale Sup\u00e9rieure d&#8217;Architecture in Grenoble (France). It selected the 40 finalist buildings that will be presented in the book and travelling exhibition entitled &#8220;Architecture en terre d\u2019aujourd\u2019hui&#8221;. The final jury meeting on 9 July 2016 in Lyon (France) selected 9 winners from the 40 finalist buildings and decided to give also a special prize for &#8220;Technological Innovation&#8221;. <\/p>\n<div class=\"vc_row wpb_row vc_row-fluid\">\n<div class=\"wpb_column vc_column_container vc_col-sm-6\">\n<div class=\"vc_column-inner\">\n<div class=\"wpb_wrapper\">\n<div class=\"wpb_text_column wpb_content_element \">\n<div class=\"wpb_wrapper\">\n<h5><strong>First jury<\/strong><\/h5>\n<\/div>\n<\/div>\n<div class=\"wpb_text_column wpb_content_element \">\n<div class=\"wpb_wrapper\">\n<p><strong>President<\/strong><\/p>\n<p>Albert DUBLER, architect, past president of the UIA, UIA representative<\/p>\n<\/div>\n<\/div>\n<div class=\"wpb_text_column wpb_content_element \">\n<div class=\"wpb_wrapper\">\n<p><strong>Vice President<\/strong><\/p>\n<p>Philippe MADEC, architect-urbanist, representative of the Academy of Architecture<\/p>\n<\/div>\n<\/div>\n<div class=\"wpb_text_column wpb_content_element \">\n<div class=\"wpb_wrapper\">\n<p><strong>Members<\/strong><\/p>\n<p>Jean DETHIER, architect, architecture critic, former exhibition curator at the Centre Pompidou (Paris)<\/p>\n<p>Patrice DOAT, architect-researcher, co-founder of the CRAterre laboratory, co-founder of the UNESCO-CRAterre chair<\/p>\n<p>Laetitia FONTAINE, engineer-researcher at the CRAterre-AE&#038;CC-ENSAG laboratory, responsible for the am\u00e0co project, co-chairwoman of the TERRA Award steering committee<\/p>\n<p>Vincent FRISTOT, Deputy Mayor for Urban Planning and Housing of Grenoble<\/p>\n<p>Dominique GAUZIN-M\u00dcLLER, architect-researcher, editor-in-chief of the magazine EcologiK\/EK, coordinator of the TERRA Award<\/p>\n<p>Hubert GUILLAUD, architect-researcher, scientific director of AE&#038;CC, head of the UNESCO-CRAterre chair, co-chairman of the TERRA Award steering committee<\/p>\n<p>Thierry JOFFROY, architect-researcher, scientific and technical manager of Labex AE&#038;CC-ENSAG, president of CRAterre<\/p>\n<\/div>\n<\/div>\n<\/div>\n<\/div>\n<\/div>\n<div class=\"wpb_column vc_column_container vc_col-sm-6\">\n<div class=\"vc_column-inner\">\n<div class=\"wpb_wrapper\">\n<div class=\"wpb_text_column wpb_content_element \">\n<div class=\"wpb_wrapper\">\n<h5><strong>Final jury<\/strong><\/h5>\n<\/div>\n<\/div>\n<div class=\"wpb_text_column wpb_content_element \">\n<div class=\"wpb_wrapper\">\n<p><strong>Pre\u00e9sident<\/strong><\/p>\n<p>Wang SHU, architect and professor, Pritzker Architecture Prize 2012, Gold Medal of the Academy of Architecture, Schelling Architecture Prize<\/p>\n<\/div>\n<\/div>\n<div class=\"wpb_text_column wpb_content_element \">\n<div class=\"wpb_wrapper\">\n<p><strong>Vice President<\/strong><\/p>\n<p>Albert DUBLER, architect, past president of the UIA, UIA representative<\/p>\n<\/div>\n<\/div>\n<div class=\"wpb_text_column wpb_content_element \">\n<div class=\"wpb_wrapper\">\n<p><strong>Members<\/strong><\/p>\n<p>Erica AVRAMI, James Marston Fitch Associate Professor of Historic Preservation at Columbia University (New York), member of the Scientific Committee of ICOMOS-ISCEAH<\/p>\n<p>Marie-H\u00e9l\u00e8ne CONTAL, Director of the Cultural Development Department at the Cit\u00e9 de l&#8217;Architecture et du Patrimoine (Paris), coordinator of the Global Award for Sustainable Architecture<\/p>\n<p>Jean DETHIER, architect, architecture critic, former exhibition curator at the Centre Pompidou (Paris)<\/p>\n<p>Alpha DIOP, architect, Doctor of Technical Sciences, President of ICOMOS Mali, member of the Board of Directors of ICOMOS International<\/p>\n<p>Hugo PEREIRA GIGOGNE, architect, general coordinator of the PROTERRA network, coordinator of the PROTIERRA network Chile<br \/>\nHubert GUILLAUD, architect-researcher, scientific co-director of the AE&#038;CC Laboratoire CRAterre research unit at the \u00c9cole Nationale d&#8217;Architecture de Grenoble, head of the UNESCO Chair &#8220;Earthen Architectures&#8221;, co-chair of the TERRA Award<\/p>\n<p>Philippe MADEC, architect-urbanist, writer, professor at the \u00c9cole Nationale Sup\u00e9rieure d&#8217;Architecture de Bretagne, representative of the Academy of Architecture<\/p>\n<p>Le\u00efla EL-WAKIL, Associate Professor at the Department of Art History and Musicology at the UNIGE (Geneva)<\/p>\n<\/div>\n<\/div>\n<\/div>\n<\/div>\n<\/div>\n<\/div>\n<\/div><\/div><\/div><\/div><\/div>\n<style>\n.fwpl-layout {\n    grid-template-columns: 1fr;\n    grid-gap: 10px;\n}\n.fwpl-row.el-0k9pg7 {\n    grid-template-columns: 1fr;\n}\n<\/style>\n<\/div>[\/vc_column_text][\/vc_column][\/vc_row][vc_row][vc_column][\/vc_column][\/vc_row]<\/p>\n","protected":false},"excerpt":{"rendered":"<p>[vc_row][vc_column][vc_column_text] THE JURIES [\/vc_column_text][vc_column_text][\/vc_column_text][vc_column_text el_class=&#8221;margin-b-zero&#8221;][\/vc_column_text][\/vc_column][\/vc_row][vc_row][vc_column][\/vc_column][\/vc_row]<\/p>\n","protected":false},"author":1,"featured_media":0,"parent":0,"menu_order":0,"comment_status":"closed","ping_status":"closed","template":"","meta":{"_vp_format_video_url":"","_vp_image_focal_point":[],"_vp_format_audio_url":"","_vp_custom_thumbnail":0,"_vp_hover_thumbnail":0,"_vp_hover_thumbnail_focal_point":[],"footnotes":""},"class_list":["post-8199","page","type-page","status-publish","hentry"],"_links":{"self":[{"href":"https:\/\/www.materiaaward.com\/en\/wp-json\/wp\/v2\/pages\/8199","targetHints":{"allow":["GET"]}}],"collection":[{"href":"https:\/\/www.materiaaward.com\/en\/wp-json\/wp\/v2\/pages"}],"about":[{"href":"https:\/\/www.materiaaward.com\/en\/wp-json\/wp\/v2\/types\/page"}],"author":[{"embeddable":true,"href":"https:\/\/www.materiaaward.com\/en\/wp-json\/wp\/v2\/users\/1"}],"replies":[{"embeddable":true,"href":"https:\/\/www.materiaaward.com\/en\/wp-json\/wp\/v2\/comments?post=8199"}],"version-history":[{"count":5,"href":"https:\/\/www.materiaaward.com\/en\/wp-json\/wp\/v2\/pages\/8199\/revisions"}],"predecessor-version":[{"id":8211,"href":"https:\/\/www.materiaaward.com\/en\/wp-json\/wp\/v2\/pages\/8199\/revisions\/8211"}],"wp:attachment":[{"href":"https:\/\/www.materiaaward.com\/en\/wp-json\/wp\/v2\/media?parent=8199"}],"curies":[{"name":"wp","href":"https:\/\/api.w.org\/{rel}","templated":true}]}}