{"id":8212,"date":"2021-11-05T18:35:55","date_gmt":"2021-11-05T17:35:55","guid":{"rendered":"https:\/\/www.terrafibraaward.com\/?page_id=8212"},"modified":"2021-11-11T12:01:35","modified_gmt":"2021-11-11T11:01:35","slug":"the-team","status":"publish","type":"page","link":"https:\/\/www.materiaaward.com\/en\/the-team\/","title":{"rendered":"The Team"},"content":{"rendered":"<p>[vc_row][vc_column][vc_column_text]<\/p>\n<h4 class=\"upper\"><strong>The team<\/strong><\/h4>\n<p>[\/vc_column_text][vc_column_text]<div class=\"facetwp-facet facetwp-facet-facet_equipe facetwp-type-dropdown\" data-name=\"facet_equipe\" data-type=\"dropdown\"><\/div>[\/vc_column_text][vc_column_text el_class=&#8221;margin-b-zero&#8221;]<div class=\"facetwp-template\" data-name=\"template_equipe\"><div class=\"fwpl-layout el-rkk64d\"><div class=\"fwpl-result r1\"><div class=\"fwpl-row el-0iyj5\"><div class=\"fwpl-col fwpl-col el-bhw7oa\"><div class=\"fwpl-item el-2pvn7p\"><p>The <em>materia award <\/em>2025 is supported and organized by Les Grands Ateliers and am\u00e0co in partnership with Dominique Gauzin-M\u00fcller, the ETH Zurich, Les Compagnons du Devoir et du Tour de France and Pavillon de l&#8217;Arsenal, under the patronage of the UNESCO \u201cEarthen architecture, building cultures and sustainable development\u201d.<\/p>\n<p><strong>Steering Committee<\/strong><br \/>\nMaria BOLOGNESI, architect, project developer at Les Grands Ateliers<br \/>\nMaxime BONNEVIE, architect, director of Les Grands Ateliers, co-organizer of the<span class=\"apple-converted-space\"> <\/span><em>materia award<\/em><span class=\"apple-converted-space\"> <\/span>2025<br \/>\nLaetitia FONTAINE, <span lang=\"EN-US\">engineer, researcher at the CRAterre-AE&amp;CC-ENSAG-UGA laboratory, director of am\u00e0co, co-organizer of the<span class=\"apple-converted-space\"> <\/span><em>materia award<\/em><span class=\"apple-converted-space\"> <\/span>2025<\/span><br \/>\nDominique GAUZIN-M\u00dcLLER, <span lang=\"EN-US\">architect, researcher, co-founder of the Mouvement de la Frugalit\u00e9 heureuse &amp; cr\u00e9ative, coordinator of the TERRA and FIBRA Awards<\/span><br \/>\nGuillaume HABERT, geologist, professor-researcher, director of the &#8220;Sustainable Construction&#8221; chair at ETH Zurich<br \/>\nYann LE BIHAN, Compagnon stone mason, head of the Institute for research and training in stone professions at Les Compagnons du Devoir et du Tour de France<br \/>\nMarina POLI, architect, project developer at Les Grands Ateliers<br \/>\nZo\u00e9 TRIC, trainer and project manager at am\u00e0co<\/p>\n<p><strong>Coordination <\/strong><br \/>\nLouise LEMOINE, architect, head of professional training and events at Les Grands Ateliers<\/p>\n<p><strong>Communication<\/strong><br \/>\nLes Grands Ateliers<\/p>\n<p><strong>Publication of the exhibition and the book<\/strong><br \/>\nPavillon de l\u2019Arsenal<\/p>\n<\/div><\/div><\/div><\/div><div class=\"fwpl-result r2\"><div class=\"fwpl-row el-0iyj5\"><div class=\"fwpl-col fwpl-col el-bhw7oa\"><div class=\"fwpl-item el-2pvn7p\"><p>The TERRAFIBRA Award 2021 is supported and organized by the Grands Ateliers and am\u00e0co in partnership with CRAterre and the ETH Zurich, under the patronage of the UNESCO Chair &#8220;Earthen architecture, building cultures and sustainable development&#8221;.<\/p>\n<p><strong>Coordination<\/strong><br \/>\nLouise LEMOINE, les Grands Ateliers<\/p>\n<p><strong>Steering Committee<\/strong><br \/>\nMaxime BONNEVIE, director of Les Grands Ateliers<br \/>\nLaetitia FONTAINE, director of am\u00e0co, researcher at CRAterre-AE&#038;CC-ENSAG-UGA laboratory<br \/>\nPatrice DOAT, architect-researcher, co-founder of the CRAterre laboratory, co-founder of the UNESCO-CRAterre chair<br \/>\nDominique GAUZIN-M\u00dcLLER, architect-researcher<br \/>\nGuillaume HABERT, director of the chair of sustainable construction at ETH Zurich<br \/>\nAur\u00e9lie ViISSAC, am\u00e0co<br \/>\nAnne LAMBERT, am\u00e0co<\/p>\n<p><strong>Edition of the exhibition and the associated book<\/strong><br \/>\nPavillon de l\u2019Arsenal<\/p>\n<p><strong>Application platform<\/strong><br \/>\nWiin : Andr\u00e9a GOUDAL and Tristan LEGRAND<\/p>\n<p><strong>Communication<\/strong><br \/>\nCaroline JABOVISTE<\/p>\n<p><strong>Translation<\/strong><br \/>\nCamille ROUSSEL<\/p>\n<p><strong>Collaborators<\/strong><br \/>\nNatalia KOBYLINSKA, Cl\u00e9ment MOULINIER, Manon VUILLERMET, Sylvain MONGELLAZ, Julien ALEXANDRE, Marie MOUNIER-COEUR, Bruno VINCENT, Fran\u00e7oise BOURLIER<\/p>\n<\/div><\/div><\/div><\/div><div class=\"fwpl-result r3\"><div class=\"fwpl-row el-0iyj5\"><div class=\"fwpl-col fwpl-col el-bhw7oa\"><div class=\"fwpl-item el-2pvn7p\"><p>The FIBRA Award is organized and supported by am\u00e0co, the center for research and experimentation on &#8220;building materials&#8221;, with the scientific support of the Swiss Federal Institute of Technology (ETH) Zurich and the expertise of BioBuild Concept. <\/p>\n<p><strong>Coordination<\/strong><br \/>\nDominique GAUZIN-M\u00dcLLER, architect-researcher specialized in eco-responsible architecture and urbanism \u2022 honorary associate professor of the UNESCO-CRAterre chair \u2022 collection director at MUSEO editions \u2022 senior consultant of am\u00e0co \u2022 coordinator of the TERRA Award &#8211; coordinator of the FIBRA Award <\/p>\n<p><strong>Presidency <\/strong><br \/>\nLaetitia FONTAINE, director of am\u00e0co and teacher-researcher at the CRAterre-AE&#038;CC-ENSAG laboratory \u2022 materials engineer, specialized in building materials \u2022 co-chairwoman of the TERRA Award \u2022 chairwoman of the FIBRA Award <\/p>\n<p><strong>Steering Committee<\/strong><br \/>\nBernard BOYEUX, Managing Director of BioBuild Concept \u2022 Member of the FIBRA Award steering committee <\/p>\n<p>Prof. Dr. Guillaume HABERT, Director of the Chair of Sustainable Construction at ETH Zurich \u2022 Graduate of the \u00c9cole Normale Sup\u00e9rieure in Paris \u2022 Researcher specialized in alternative building materials and life cycle assessment \u2022 Member of the FIBRA Award Steering Committee <\/p>\n<p><strong>Management of the applications<\/strong><br \/>\nMadiana HAZOUME, Civil Engineer \u2022 Teacher at ICAM in Paris (responsible for the thematic module &#8220;Sustainable Building and City&#8221;) \u2022 Lecturer at the Ecole des Mines of Saint Etienne \u2022 Consultant on the energy efficiency of buildings in tropical climates \u2022 Assistant to the coordination of the FIBRA Award <\/p>\n<p><strong>Travelling exhibition <\/strong><br \/>\nAur\u00e9lie VISSAC, co-curator of the travelling exhibition with Dominique Gauzin-M\u00fcller \u2022 Materials engineer at am\u00e0co <\/p>\n<p><strong>Communication<\/strong><br \/>\nIrina EWOMBA, urbanist and webdesigner<br \/>\nCaroline JABOVISTE, communication officer<\/p>\n<p><strong>Translation <\/strong><br \/>\nLeticia OTERO SUGDEN, French-Spanish translator<br \/>\nA\u00efda GUEYE, French-English translator <\/p>\n<\/div><\/div><\/div><\/div><div class=\"fwpl-result r4\"><div class=\"fwpl-row el-0iyj5\"><div class=\"fwpl-col fwpl-col el-bhw7oa\"><div class=\"fwpl-item el-2pvn7p\"><p><strong>Coordination<\/strong><br \/>\nDominique GAUZIN-M\u00dcLLER, architect, author, journalist \u2022 Honorary associate professor of the UNESCO Chair &#8220;Earthen Architectures, Constructive Cultures and Sustainable Development&#8221; \u2022 Senior adviser for am\u00e0co <\/p>\n<p><strong>Steering Committee<\/strong><br \/>\nLaetitia FONTAINE, materials engineer, specialized in building materials \u2022 Teacher-researcher at the CRATerre-AE&#038;CC-ENSAG laboratory \u2022 Responsible for am\u00e0co \u2022 Co-responsible for the research theme &#8220;Matter \/ Materials&#8221; of the scientific program of the CRAterre-AE&#038;CC-ENSAG laboratory \u2022 Co-chairwoman of the TERRA Award steering committee <\/p>\n<p>Prof. Hubert GUILLAUD, architect \u2022 Former scientific director of the AE&#038;CC-Laboratory CRAterre research unit of the \u00c9cole Nationale Sup\u00e9rieure d&#8217;Architecture de Grenoble (ENSAG) \u2022 Former head of the UNESCO Chair &#8220;Earthen Architectures, Constructive Cultures and Sustainable Development&#8221; \u2022 Co-chairman of the TERRA Award steering committee <\/p>\n<p>Patrice DOAT, architect, former professor of sciences and techniques for architecture in Grenoble \u2022 Co-founder in 1979 of the CRAterre laboratory at the ENS d&#8217;architecture de Grenoble \u2022 Co-founder in 1998 of the UNESCO Chair &#8220;Earthen Architecture and Sustainable Development&#8221; \u2022 Co-founder of the Grands Ateliers in Villefontaine in 2001 \u2022 Chevalier des Arts et des Lettres in 2009 \u2022 Medalist for Research and Technique by the Academy of Architecture in Paris in 2014 \u2022 Laureate 2016 of the Global Award for Sustainable Architecture. <\/p>\n<p><strong>Communication<\/strong><br \/>\nCaroline JABOVISTE<\/p>\n<p><strong>Collaborators<\/strong><br \/>\nNuria ALVAREZ COLL, Anne-Lyse ANTOINE, Marion BISIAUX, Olivier BOUFFANDEAU, Elisabetta CARNEVALE, Mathilde CHAMODOT, Margot CLERC, Basile CLOQUET, Emmeline DE BARTHA Iris F\u00c4TH, Kateryna FLEITH, Matthieu FUCHS, Hugo GASNIER, Ana\u00efs GUEGUEN, Damien GUYON, Claire GUYET, Anne-Sophie HARNISCH, Bettina HORSCH, Anne KUSCH, Laura MARCHEGGIANO Cl\u00e9mence MATHIEU BRUNEL, Arnaud MISSE, Mickael M\u00dcLLER, Cristian MU\u00d1OZ, C\u00e9cile NAST, Gian Franco Noriega, Madiana POGNON HAZOUME, Amanda RIVERA, Pauline SEMON, Zo\u00e9 TRIC <\/p>\n<\/div><\/div><\/div><\/div><\/div>\n<style>\n.fwpl-layout {\n    grid-template-columns: 1fr;\n    grid-gap: 10px;\n}\n.fwpl-row.el-0iyj5 {\n    grid-template-columns: 1fr;\n}\n<\/style>\n<\/div>[\/vc_column_text][\/vc_column][\/vc_row][vc_row][vc_column][\/vc_column][\/vc_row]<\/p>\n","protected":false},"excerpt":{"rendered":"<p>[vc_row][vc_column][vc_column_text] The team [\/vc_column_text][vc_column_text][\/vc_column_text][vc_column_text el_class=&#8221;margin-b-zero&#8221;][\/vc_column_text][\/vc_column][\/vc_row][vc_row][vc_column][\/vc_column][\/vc_row]<\/p>\n","protected":false},"author":1,"featured_media":0,"parent":0,"menu_order":0,"comment_status":"closed","ping_status":"closed","template":"","meta":{"_vp_format_video_url":"","_vp_image_focal_point":[],"_vp_format_audio_url":"","_vp_custom_thumbnail":0,"_vp_hover_thumbnail":0,"_vp_hover_thumbnail_focal_point":[],"footnotes":""},"class_list":["post-8212","page","type-page","status-publish","hentry"],"_links":{"self":[{"href":"https:\/\/www.materiaaward.com\/en\/wp-json\/wp\/v2\/pages\/8212","targetHints":{"allow":["GET"]}}],"collection":[{"href":"https:\/\/www.materiaaward.com\/en\/wp-json\/wp\/v2\/pages"}],"about":[{"href":"https:\/\/www.materiaaward.com\/en\/wp-json\/wp\/v2\/types\/page"}],"author":[{"embeddable":true,"href":"https:\/\/www.materiaaward.com\/en\/wp-json\/wp\/v2\/users\/1"}],"replies":[{"embeddable":true,"href":"https:\/\/www.materiaaward.com\/en\/wp-json\/wp\/v2\/comments?post=8212"}],"version-history":[{"count":8,"href":"https:\/\/www.materiaaward.com\/en\/wp-json\/wp\/v2\/pages\/8212\/revisions"}],"predecessor-version":[{"id":8249,"href":"https:\/\/www.materiaaward.com\/en\/wp-json\/wp\/v2\/pages\/8212\/revisions\/8249"}],"wp:attachment":[{"href":"https:\/\/www.materiaaward.com\/en\/wp-json\/wp\/v2\/media?parent=8212"}],"curies":[{"name":"wp","href":"https:\/\/api.w.org\/{rel}","templated":true}]}}